{"id":74,"date":"2013-11-05T18:20:14","date_gmt":"2013-11-05T15:52:51","guid":{"rendered":"http:\/\/localhost\/alamos\/?page_id=74"},"modified":"2021-09-28T09:52:52","modified_gmt":"2021-09-28T08:52:52","slug":"university-residence","status":"publish","type":"page","link":"https:\/\/www.alamoslisboa.org\/en\/university-residence\/","title":{"rendered":"University Residence"},"content":{"rendered":"<section class=\"kc-elm kc-css-151069 kc_row\"><div class=\"kc-row-container  kc-container\"><div class=\"kc-wrap-columns\"><div class=\"kc-elm kc-css-405775 kc_col-sm-9 kc_column kc_col-sm-9\"><div class=\"kc-col-container\"><div class=\"kc-elm kc-css-136101 kc_text_block\"><\/p>\n<p>\nIf you are coming to Lisbon to study, \u00c1lamos is a good option for you to have a home in this stage of your life.<\/p>\n<p>The residence opened its doors for the first time in the early sixties of the XX century, in Campo Grande.<\/p>\n<p>Since then, an environment of mutual assistance and friendship has lived in \u00c1lamos, facilitating the integration of those who arrive to the university and to Lisbon.<br \/>\nBesides promoting intense study, \u00c1lamos fosters living in a family atmosphere, by having, for instance, \u201ctert\u00falias\u201d, informal gatherings where we count on the collaboration of all residents.<\/p>\n<p>Throughout these years, in \u00c1lamos, we have had residents from many corners of Portugal and the world: Angola, India, France, Finland, Germany, Brazil, Timor, Ireland, Iran, Japan, England, Italy, Spain, China, \u2026<\/p>\n<p>More than simply a residence, \u00c1lamos is a meeting place for study ideas and projects, which offers a unique opportunity for personal and academic enrichment in a friendly environment of mutual respect.<\/p>\n<p>\n<\/div><\/div><\/div><div class=\"kc-elm kc-css-298488 kc_col-sm-3 kc_column kc_col-sm-3\"><div class=\"kc-col-container\"><div class=\"kc-elm kc-css-62050 widget-area kc-wp-sidebar\"><div id=\"custom_html-6\" class=\"widget_text side-bar widget sidebar_widget widget_custom_html\"><div class=\"sec-title\"><h3 class=\"skew-lines\">Next Activities<\/h3><\/div><div class=\"textwidget custom-html-widget\"><div class=\"embed-responsive embed-responsive-vertical\">\r\n<iframe loading=\"lazy\" class=\"embed-responsive-item\" style=\"border-width: 0px;\" src=\"https:\/\/calendar.google.com\/calendar\/embed?showTitle=0&amp;showNav=0&amp;showPrint=0&amp;showTabs=0&amp;showCalendars=0&amp;mode=AGENDA&amp;height=400&amp;wkst=2&amp;bgcolor=%23ff6666&amp;src=i.alamoslisboa%40gmail.com&amp;color=%23B1365F&amp;ctz=Europe%2FLisbon\" width=\"200\" height=\"400\" scrolling=\"no\"><\/iframe>\r\n<\/div><\/div><\/div><\/div><div class=\"kc-elm kc-css-920849 kc_text_block\"><\/p>\n<h3>Board<\/h3>\n<p>Isabel Castro Pina<br \/><i>Historian<\/i><\/p>\n<p>Ana Filipa Ros\u00e1rio<br \/><i>Physiotherapist<\/i><\/p>\n<\/p>\n<p>\n<\/div><\/div><\/div><\/div><\/div><\/section>\n","protected":false},"excerpt":{"rendered":"","protected":false},"author":1,"featured_media":1431,"parent":0,"menu_order":2,"comment_status":"closed","ping_status":"closed","template":"","meta":{"_acf_changed":false,"footnotes":""},"class_list":["post-74","page","type-page","status-publish","has-post-thumbnail","hentry"],"acf":[],"yoast_head":"<!-- This site is optimized with the Yoast SEO plugin v27.1.1 - https:\/\/yoast.com\/product\/yoast-seo-wordpress\/ -->\n<title>University Residence &#8211; Resid\u00eancia Universit\u00e1ria dos \u00c1lamos<\/title>\n<meta name=\"robots\" content=\"index, follow, max-snippet:-1, max-image-preview:large, max-video-preview:-1\" \/>\n<link rel=\"canonical\" href=\"https:\/\/www.alamoslisboa.org\/en\/university-residence\/\" \/>\n<meta name=\"twitter:label1\" content=\"Est. reading time\" \/>\n\t<meta name=\"twitter:data1\" content=\"1 minute\" \/>\n<script type=\"application\/ld+json\" class=\"yoast-schema-graph\">{\"@context\":\"https:\/\/schema.org\",\"@graph\":[{\"@type\":\"WebPage\",\"@id\":\"https:\/\/www.alamoslisboa.org\/en\/university-residence\/\",\"url\":\"https:\/\/www.alamoslisboa.org\/en\/university-residence\/\",\"name\":\"University Residence &#8211; Resid\u00eancia Universit\u00e1ria dos \u00c1lamos\",\"isPartOf\":{\"@id\":\"https:\/\/www.alamoslisboa.org\/#website\"},\"primaryImageOfPage\":{\"@id\":\"https:\/\/www.alamoslisboa.org\/en\/university-residence\/#primaryimage\"},\"image\":{\"@id\":\"https:\/\/www.alamoslisboa.org\/en\/university-residence\/#primaryimage\"},\"thumbnailUrl\":\"https:\/\/www.alamoslisboa.org\/wp-content\/uploads\/2017\/08\/DSCF0898-e1506278456740.jpg\",\"datePublished\":\"2013-11-05T15:52:51+00:00\",\"dateModified\":\"2021-09-28T08:52:52+00:00\",\"breadcrumb\":{\"@id\":\"https:\/\/www.alamoslisboa.org\/en\/university-residence\/#breadcrumb\"},\"inLanguage\":\"en-US\",\"potentialAction\":[{\"@type\":\"ReadAction\",\"target\":[\"https:\/\/www.alamoslisboa.org\/en\/university-residence\/\"]}]},{\"@type\":\"ImageObject\",\"inLanguage\":\"en-US\",\"@id\":\"https:\/\/www.alamoslisboa.org\/en\/university-residence\/#primaryimage\",\"url\":\"https:\/\/www.alamoslisboa.org\/wp-content\/uploads\/2017\/08\/DSCF0898-e1506278456740.jpg\",\"contentUrl\":\"https:\/\/www.alamoslisboa.org\/wp-content\/uploads\/2017\/08\/DSCF0898-e1506278456740.jpg\",\"width\":2815,\"height\":1224},{\"@type\":\"BreadcrumbList\",\"@id\":\"https:\/\/www.alamoslisboa.org\/en\/university-residence\/#breadcrumb\",\"itemListElement\":[{\"@type\":\"ListItem\",\"position\":1,\"name\":\"Home\",\"item\":\"https:\/\/www.alamoslisboa.org\/en\/\"},{\"@type\":\"ListItem\",\"position\":2,\"name\":\"University Residence\"}]},{\"@type\":\"WebSite\",\"@id\":\"https:\/\/www.alamoslisboa.org\/#website\",\"url\":\"https:\/\/www.alamoslisboa.org\/\",\"name\":\"Resid\u00eancia Universit\u00e1ria dos \u00c1lamos\",\"description\":\"\",\"potentialAction\":[{\"@type\":\"SearchAction\",\"target\":{\"@type\":\"EntryPoint\",\"urlTemplate\":\"https:\/\/www.alamoslisboa.org\/?s={search_term_string}\"},\"query-input\":{\"@type\":\"PropertyValueSpecification\",\"valueRequired\":true,\"valueName\":\"search_term_string\"}}],\"inLanguage\":\"en-US\"}]}<\/script>\n<!-- \/ Yoast SEO plugin. -->","yoast_head_json":{"title":"University Residence &#8211; Resid\u00eancia Universit\u00e1ria dos \u00c1lamos","robots":{"index":"index","follow":"follow","max-snippet":"max-snippet:-1","max-image-preview":"max-image-preview:large","max-video-preview":"max-video-preview:-1"},"canonical":"https:\/\/www.alamoslisboa.org\/en\/university-residence\/","twitter_misc":{"Est. reading time":"1 minute"},"schema":{"@context":"https:\/\/schema.org","@graph":[{"@type":"WebPage","@id":"https:\/\/www.alamoslisboa.org\/en\/university-residence\/","url":"https:\/\/www.alamoslisboa.org\/en\/university-residence\/","name":"University Residence &#8211; Resid\u00eancia Universit\u00e1ria dos \u00c1lamos","isPartOf":{"@id":"https:\/\/www.alamoslisboa.org\/#website"},"primaryImageOfPage":{"@id":"https:\/\/www.alamoslisboa.org\/en\/university-residence\/#primaryimage"},"image":{"@id":"https:\/\/www.alamoslisboa.org\/en\/university-residence\/#primaryimage"},"thumbnailUrl":"https:\/\/www.alamoslisboa.org\/wp-content\/uploads\/2017\/08\/DSCF0898-e1506278456740.jpg","datePublished":"2013-11-05T15:52:51+00:00","dateModified":"2021-09-28T08:52:52+00:00","breadcrumb":{"@id":"https:\/\/www.alamoslisboa.org\/en\/university-residence\/#breadcrumb"},"inLanguage":"en-US","potentialAction":[{"@type":"ReadAction","target":["https:\/\/www.alamoslisboa.org\/en\/university-residence\/"]}]},{"@type":"ImageObject","inLanguage":"en-US","@id":"https:\/\/www.alamoslisboa.org\/en\/university-residence\/#primaryimage","url":"https:\/\/www.alamoslisboa.org\/wp-content\/uploads\/2017\/08\/DSCF0898-e1506278456740.jpg","contentUrl":"https:\/\/www.alamoslisboa.org\/wp-content\/uploads\/2017\/08\/DSCF0898-e1506278456740.jpg","width":2815,"height":1224},{"@type":"BreadcrumbList","@id":"https:\/\/www.alamoslisboa.org\/en\/university-residence\/#breadcrumb","itemListElement":[{"@type":"ListItem","position":1,"name":"Home","item":"https:\/\/www.alamoslisboa.org\/en\/"},{"@type":"ListItem","position":2,"name":"University Residence"}]},{"@type":"WebSite","@id":"https:\/\/www.alamoslisboa.org\/#website","url":"https:\/\/www.alamoslisboa.org\/","name":"Resid\u00eancia Universit\u00e1ria dos \u00c1lamos","description":"","potentialAction":[{"@type":"SearchAction","target":{"@type":"EntryPoint","urlTemplate":"https:\/\/www.alamoslisboa.org\/?s={search_term_string}"},"query-input":{"@type":"PropertyValueSpecification","valueRequired":true,"valueName":"search_term_string"}}],"inLanguage":"en-US"}]}},"_links":{"self":[{"href":"https:\/\/www.alamoslisboa.org\/en\/wp-json\/wp\/v2\/pages\/74","targetHints":{"allow":["GET"]}}],"collection":[{"href":"https:\/\/www.alamoslisboa.org\/en\/wp-json\/wp\/v2\/pages"}],"about":[{"href":"https:\/\/www.alamoslisboa.org\/en\/wp-json\/wp\/v2\/types\/page"}],"author":[{"embeddable":true,"href":"https:\/\/www.alamoslisboa.org\/en\/wp-json\/wp\/v2\/users\/1"}],"replies":[{"embeddable":true,"href":"https:\/\/www.alamoslisboa.org\/en\/wp-json\/wp\/v2\/comments?post=74"}],"version-history":[{"count":0,"href":"https:\/\/www.alamoslisboa.org\/en\/wp-json\/wp\/v2\/pages\/74\/revisions"}],"wp:featuredmedia":[{"embeddable":true,"href":"https:\/\/www.alamoslisboa.org\/en\/wp-json\/wp\/v2\/media\/1431"}],"wp:attachment":[{"href":"https:\/\/www.alamoslisboa.org\/en\/wp-json\/wp\/v2\/media?parent=74"}],"curies":[{"name":"wp","href":"https:\/\/api.w.org\/{rel}","templated":true}]}}