{"id":374,"date":"2014-06-25T17:08:46","date_gmt":"2014-06-25T16:08:46","guid":{"rendered":"http:\/\/www.alamoslisboa.org\/?page_id=374"},"modified":"2019-01-30T19:24:37","modified_gmt":"2019-01-30T19:24:37","slug":"mission-vision-values","status":"publish","type":"page","link":"https:\/\/www.alamoslisboa.org\/en\/about-us\/mission-vision-values\/","title":{"rendered":"Mission, vision and values"},"content":{"rendered":"<section class=\"kc-elm kc-css-534816 kc_row\"><div class=\"kc-row-container  kc-container\"><div class=\"kc-wrap-columns\"><div class=\"kc-elm kc-css-156701 kc_col-sm-9 kc_column kc_col-sm-9\"><div class=\"kc-col-container\"><div class=\"kc-elm kc_text_block\"><\/p>\n<h6>Mission<\/h6>\n<p>Provide university students from Portugal and around the world a residence with the necessary conditions for them to be successful in their studies and become skilled professionals while living in a family environment by developing citizenship.<\/p>\n<h6>Vision<\/h6>\n<p>Contribute to the promotion of human dignity, a healthy coexistence, and the common good of society.<\/p>\n<h6>Values<\/h6>\n<p>Study. Professionalism. Friendship. Loyalty. Solidarity. Culture.<\/p>\n<p>\n<\/div><\/div><\/div><div class=\"kc-elm kc-css-715842 kc_col-sm-3 kc_column kc_col-sm-3\"><div class=\"kc-col-container\"><div class=\"kc-elm kc-css-821124 widget-area kc-wp-sidebar\"><div id=\"custom_html-6\" class=\"widget_text side-bar widget sidebar_widget widget_custom_html\"><div class=\"sec-title\"><h3 class=\"skew-lines\">Next Activities<\/h3><\/div><div class=\"textwidget custom-html-widget\"><div class=\"embed-responsive embed-responsive-vertical\">\r\n<iframe loading=\"lazy\" class=\"embed-responsive-item\" style=\"border-width: 0px;\" src=\"https:\/\/calendar.google.com\/calendar\/embed?showTitle=0&amp;showNav=0&amp;showPrint=0&amp;showTabs=0&amp;showCalendars=0&amp;mode=AGENDA&amp;height=400&amp;wkst=2&amp;bgcolor=%23ff6666&amp;src=i.alamoslisboa%40gmail.com&amp;color=%23B1365F&amp;ctz=Europe%2FLisbon\" width=\"200\" height=\"400\" scrolling=\"no\"><\/iframe>\r\n<\/div><\/div><\/div><\/div><\/div><\/div><\/div><\/div><\/section>\n","protected":false},"excerpt":{"rendered":"","protected":false},"author":1,"featured_media":290,"parent":372,"menu_order":1,"comment_status":"closed","ping_status":"closed","template":"","meta":{"_acf_changed":false,"footnotes":""},"class_list":["post-374","page","type-page","status-publish","has-post-thumbnail","hentry"],"acf":[],"yoast_head":"<!-- This site is optimized with the Yoast SEO plugin v27.1.1 - https:\/\/yoast.com\/product\/yoast-seo-wordpress\/ -->\n<title>Mission, vision and values &#8211; Resid\u00eancia Universit\u00e1ria dos \u00c1lamos<\/title>\n<meta name=\"robots\" content=\"index, follow, max-snippet:-1, max-image-preview:large, max-video-preview:-1\" \/>\n<link rel=\"canonical\" href=\"https:\/\/www.alamoslisboa.org\/en\/about-us\/mission-vision-values\/\" \/>\n<script type=\"application\/ld+json\" class=\"yoast-schema-graph\">{\"@context\":\"https:\/\/schema.org\",\"@graph\":[{\"@type\":\"WebPage\",\"@id\":\"https:\/\/www.alamoslisboa.org\/en\/about-us\/mission-vision-values\/\",\"url\":\"https:\/\/www.alamoslisboa.org\/en\/about-us\/mission-vision-values\/\",\"name\":\"Mission, vision and values &#8211; Resid\u00eancia Universit\u00e1ria dos \u00c1lamos\",\"isPartOf\":{\"@id\":\"https:\/\/www.alamoslisboa.org\/#website\"},\"primaryImageOfPage\":{\"@id\":\"https:\/\/www.alamoslisboa.org\/en\/about-us\/mission-vision-values\/#primaryimage\"},\"image\":{\"@id\":\"https:\/\/www.alamoslisboa.org\/en\/about-us\/mission-vision-values\/#primaryimage\"},\"thumbnailUrl\":\"https:\/\/www.alamoslisboa.org\/wp-content\/uploads\/2013\/11\/FINANCIAMENTO.png\",\"datePublished\":\"2014-06-25T16:08:46+00:00\",\"dateModified\":\"2019-01-30T19:24:37+00:00\",\"breadcrumb\":{\"@id\":\"https:\/\/www.alamoslisboa.org\/en\/about-us\/mission-vision-values\/#breadcrumb\"},\"inLanguage\":\"en-US\",\"potentialAction\":[{\"@type\":\"ReadAction\",\"target\":[\"https:\/\/www.alamoslisboa.org\/en\/about-us\/mission-vision-values\/\"]}]},{\"@type\":\"ImageObject\",\"inLanguage\":\"en-US\",\"@id\":\"https:\/\/www.alamoslisboa.org\/en\/about-us\/mission-vision-values\/#primaryimage\",\"url\":\"https:\/\/www.alamoslisboa.org\/wp-content\/uploads\/2013\/11\/FINANCIAMENTO.png\",\"contentUrl\":\"https:\/\/www.alamoslisboa.org\/wp-content\/uploads\/2013\/11\/FINANCIAMENTO.png\",\"width\":783,\"height\":250},{\"@type\":\"BreadcrumbList\",\"@id\":\"https:\/\/www.alamoslisboa.org\/en\/about-us\/mission-vision-values\/#breadcrumb\",\"itemListElement\":[{\"@type\":\"ListItem\",\"position\":1,\"name\":\"Home\",\"item\":\"https:\/\/www.alamoslisboa.org\/en\/\"},{\"@type\":\"ListItem\",\"position\":2,\"name\":\"About us\",\"item\":\"https:\/\/www.alamoslisboa.org\/en\/about-us\/\"},{\"@type\":\"ListItem\",\"position\":3,\"name\":\"Mission, vision and values\"}]},{\"@type\":\"WebSite\",\"@id\":\"https:\/\/www.alamoslisboa.org\/#website\",\"url\":\"https:\/\/www.alamoslisboa.org\/\",\"name\":\"Resid\u00eancia Universit\u00e1ria dos \u00c1lamos\",\"description\":\"\",\"potentialAction\":[{\"@type\":\"SearchAction\",\"target\":{\"@type\":\"EntryPoint\",\"urlTemplate\":\"https:\/\/www.alamoslisboa.org\/?s={search_term_string}\"},\"query-input\":{\"@type\":\"PropertyValueSpecification\",\"valueRequired\":true,\"valueName\":\"search_term_string\"}}],\"inLanguage\":\"en-US\"}]}<\/script>\n<!-- \/ Yoast SEO plugin. -->","yoast_head_json":{"title":"Mission, vision and values &#8211; Resid\u00eancia Universit\u00e1ria dos \u00c1lamos","robots":{"index":"index","follow":"follow","max-snippet":"max-snippet:-1","max-image-preview":"max-image-preview:large","max-video-preview":"max-video-preview:-1"},"canonical":"https:\/\/www.alamoslisboa.org\/en\/about-us\/mission-vision-values\/","schema":{"@context":"https:\/\/schema.org","@graph":[{"@type":"WebPage","@id":"https:\/\/www.alamoslisboa.org\/en\/about-us\/mission-vision-values\/","url":"https:\/\/www.alamoslisboa.org\/en\/about-us\/mission-vision-values\/","name":"Mission, vision and values &#8211; Resid\u00eancia Universit\u00e1ria dos \u00c1lamos","isPartOf":{"@id":"https:\/\/www.alamoslisboa.org\/#website"},"primaryImageOfPage":{"@id":"https:\/\/www.alamoslisboa.org\/en\/about-us\/mission-vision-values\/#primaryimage"},"image":{"@id":"https:\/\/www.alamoslisboa.org\/en\/about-us\/mission-vision-values\/#primaryimage"},"thumbnailUrl":"https:\/\/www.alamoslisboa.org\/wp-content\/uploads\/2013\/11\/FINANCIAMENTO.png","datePublished":"2014-06-25T16:08:46+00:00","dateModified":"2019-01-30T19:24:37+00:00","breadcrumb":{"@id":"https:\/\/www.alamoslisboa.org\/en\/about-us\/mission-vision-values\/#breadcrumb"},"inLanguage":"en-US","potentialAction":[{"@type":"ReadAction","target":["https:\/\/www.alamoslisboa.org\/en\/about-us\/mission-vision-values\/"]}]},{"@type":"ImageObject","inLanguage":"en-US","@id":"https:\/\/www.alamoslisboa.org\/en\/about-us\/mission-vision-values\/#primaryimage","url":"https:\/\/www.alamoslisboa.org\/wp-content\/uploads\/2013\/11\/FINANCIAMENTO.png","contentUrl":"https:\/\/www.alamoslisboa.org\/wp-content\/uploads\/2013\/11\/FINANCIAMENTO.png","width":783,"height":250},{"@type":"BreadcrumbList","@id":"https:\/\/www.alamoslisboa.org\/en\/about-us\/mission-vision-values\/#breadcrumb","itemListElement":[{"@type":"ListItem","position":1,"name":"Home","item":"https:\/\/www.alamoslisboa.org\/en\/"},{"@type":"ListItem","position":2,"name":"About us","item":"https:\/\/www.alamoslisboa.org\/en\/about-us\/"},{"@type":"ListItem","position":3,"name":"Mission, vision and values"}]},{"@type":"WebSite","@id":"https:\/\/www.alamoslisboa.org\/#website","url":"https:\/\/www.alamoslisboa.org\/","name":"Resid\u00eancia Universit\u00e1ria dos \u00c1lamos","description":"","potentialAction":[{"@type":"SearchAction","target":{"@type":"EntryPoint","urlTemplate":"https:\/\/www.alamoslisboa.org\/?s={search_term_string}"},"query-input":{"@type":"PropertyValueSpecification","valueRequired":true,"valueName":"search_term_string"}}],"inLanguage":"en-US"}]}},"_links":{"self":[{"href":"https:\/\/www.alamoslisboa.org\/en\/wp-json\/wp\/v2\/pages\/374","targetHints":{"allow":["GET"]}}],"collection":[{"href":"https:\/\/www.alamoslisboa.org\/en\/wp-json\/wp\/v2\/pages"}],"about":[{"href":"https:\/\/www.alamoslisboa.org\/en\/wp-json\/wp\/v2\/types\/page"}],"author":[{"embeddable":true,"href":"https:\/\/www.alamoslisboa.org\/en\/wp-json\/wp\/v2\/users\/1"}],"replies":[{"embeddable":true,"href":"https:\/\/www.alamoslisboa.org\/en\/wp-json\/wp\/v2\/comments?post=374"}],"version-history":[{"count":0,"href":"https:\/\/www.alamoslisboa.org\/en\/wp-json\/wp\/v2\/pages\/374\/revisions"}],"up":[{"embeddable":true,"href":"https:\/\/www.alamoslisboa.org\/en\/wp-json\/wp\/v2\/pages\/372"}],"wp:featuredmedia":[{"embeddable":true,"href":"https:\/\/www.alamoslisboa.org\/en\/wp-json\/wp\/v2\/media\/290"}],"wp:attachment":[{"href":"https:\/\/www.alamoslisboa.org\/en\/wp-json\/wp\/v2\/media?parent=374"}],"curies":[{"name":"wp","href":"https:\/\/api.w.org\/{rel}","templated":true}]}}