{"id":372,"date":"2014-06-25T17:08:17","date_gmt":"2013-11-05T16:22:13","guid":{"rendered":"http:\/\/www.alamoslisboa.org\/?page_id=372"},"modified":"2019-01-30T17:40:54","modified_gmt":"2019-01-30T17:40:54","slug":"about-us","status":"publish","type":"page","link":"https:\/\/www.alamoslisboa.org\/en\/about-us\/","title":{"rendered":"About us"},"content":{"rendered":"<section class=\"kc-elm kc-css-634021 kc_row\"><div class=\"kc-row-container  kc-container\"><div class=\"kc-wrap-columns\"><div class=\"kc-elm kc-css-938389 kc_col-sm-9 kc_column kc_col-sm-9\"><div class=\"kc-col-container\"><div class=\"kc-elm kc-css-969721 kc_text_block\"><\/p>\n<h6>\u00c1lamos is\u2026<\/h6>\n<ul>\n<li>A student accommodation for female students, marked by a family environment and a formative project that seek to help each student to maximize her capabilities at a personal, professional and social levels.<\/li>\n<li>A cultural promotion hub that helps students widening horizons, fostering interests and developing capabilities, through a set of cultural, artistic, sport and solidarity activities.<\/li>\n<li>A demanding and serious study environment. Study areas are open every day from 9.30 am to 10.30 pm.<\/li>\n<\/ul>\n<p>\u00c1lamos University Residence is an establishment of\u00a0<a href=\"http:\/\/www.fmabarreiro.pt\/\">Maria Ant\u00f3nia Barreiro Foundation<\/a>, a collective person with public interest (\u201cpessoa coletiva de utilidade p\u00fablica\u201d), within the scope of its statutory objective to support the human and cultural development of students.<\/p>\n<p><a href=\"http:\/\/www.fmabarreiro.pt\/\">Maria Ant\u00f3nia Barreiro Foundation<\/a>\u00a0wishes that all the university students that come to \u00c1lamos, residents and non-residents, benefit from an excellence formative project. With that purpose, it established a partnership with \u00c1lamos \u2013 Youth Association, which is the entity responsible for the organization of all the activities.<\/p>\n<p>\n<\/div><\/div><\/div><div class=\"kc-elm kc-css-681917 kc_col-sm-3 kc_column kc_col-sm-3\"><div class=\"kc-col-container\"><div class=\"kc-elm kc-css-510312 widget-area kc-wp-sidebar\"><div id=\"custom_html-6\" class=\"widget_text side-bar widget sidebar_widget widget_custom_html\"><div class=\"sec-title\"><h3 class=\"skew-lines\">Next Activities<\/h3><\/div><div class=\"textwidget custom-html-widget\"><div class=\"embed-responsive embed-responsive-vertical\">\r\n<iframe loading=\"lazy\" class=\"embed-responsive-item\" style=\"border-width: 0px;\" src=\"https:\/\/calendar.google.com\/calendar\/embed?showTitle=0&amp;showNav=0&amp;showPrint=0&amp;showTabs=0&amp;showCalendars=0&amp;mode=AGENDA&amp;height=400&amp;wkst=2&amp;bgcolor=%23ff6666&amp;src=i.alamoslisboa%40gmail.com&amp;color=%23B1365F&amp;ctz=Europe%2FLisbon\" width=\"200\" height=\"400\" scrolling=\"no\"><\/iframe>\r\n<\/div><\/div><\/div><\/div><\/div><\/div><\/div><\/div><\/section>\n","protected":false},"excerpt":{"rendered":"","protected":false},"author":1,"featured_media":2299,"parent":0,"menu_order":1,"comment_status":"closed","ping_status":"closed","template":"","meta":{"_acf_changed":false,"footnotes":""},"class_list":["post-372","page","type-page","status-publish","has-post-thumbnail","hentry"],"acf":[],"yoast_head":"<!-- This site is optimized with the Yoast SEO plugin v27.1.1 - https:\/\/yoast.com\/product\/yoast-seo-wordpress\/ -->\n<title>About us &#8211; Resid\u00eancia Universit\u00e1ria dos \u00c1lamos<\/title>\n<meta name=\"robots\" content=\"index, follow, max-snippet:-1, max-image-preview:large, max-video-preview:-1\" \/>\n<link rel=\"canonical\" href=\"https:\/\/www.alamoslisboa.org\/en\/about-us\/\" \/>\n<meta name=\"twitter:label1\" content=\"Est. reading time\" \/>\n\t<meta name=\"twitter:data1\" content=\"1 minute\" \/>\n<script type=\"application\/ld+json\" class=\"yoast-schema-graph\">{\"@context\":\"https:\/\/schema.org\",\"@graph\":[{\"@type\":\"WebPage\",\"@id\":\"https:\/\/www.alamoslisboa.org\/en\/about-us\/\",\"url\":\"https:\/\/www.alamoslisboa.org\/en\/about-us\/\",\"name\":\"About us &#8211; Resid\u00eancia Universit\u00e1ria dos \u00c1lamos\",\"isPartOf\":{\"@id\":\"https:\/\/www.alamoslisboa.org\/#website\"},\"primaryImageOfPage\":{\"@id\":\"https:\/\/www.alamoslisboa.org\/en\/about-us\/#primaryimage\"},\"image\":{\"@id\":\"https:\/\/www.alamoslisboa.org\/en\/about-us\/#primaryimage\"},\"thumbnailUrl\":\"https:\/\/www.alamoslisboa.org\/wp-content\/uploads\/2013\/11\/ASSOCIA\u00c7\u00c3O.png\",\"datePublished\":\"2013-11-05T16:22:13+00:00\",\"dateModified\":\"2019-01-30T17:40:54+00:00\",\"breadcrumb\":{\"@id\":\"https:\/\/www.alamoslisboa.org\/en\/about-us\/#breadcrumb\"},\"inLanguage\":\"en-US\",\"potentialAction\":[{\"@type\":\"ReadAction\",\"target\":[\"https:\/\/www.alamoslisboa.org\/en\/about-us\/\"]}]},{\"@type\":\"ImageObject\",\"inLanguage\":\"en-US\",\"@id\":\"https:\/\/www.alamoslisboa.org\/en\/about-us\/#primaryimage\",\"url\":\"https:\/\/www.alamoslisboa.org\/wp-content\/uploads\/2013\/11\/ASSOCIA\u00c7\u00c3O.png\",\"contentUrl\":\"https:\/\/www.alamoslisboa.org\/wp-content\/uploads\/2013\/11\/ASSOCIA\u00c7\u00c3O.png\",\"width\":784,\"height\":250},{\"@type\":\"BreadcrumbList\",\"@id\":\"https:\/\/www.alamoslisboa.org\/en\/about-us\/#breadcrumb\",\"itemListElement\":[{\"@type\":\"ListItem\",\"position\":1,\"name\":\"Home\",\"item\":\"https:\/\/www.alamoslisboa.org\/en\/\"},{\"@type\":\"ListItem\",\"position\":2,\"name\":\"About us\"}]},{\"@type\":\"WebSite\",\"@id\":\"https:\/\/www.alamoslisboa.org\/#website\",\"url\":\"https:\/\/www.alamoslisboa.org\/\",\"name\":\"Resid\u00eancia Universit\u00e1ria dos \u00c1lamos\",\"description\":\"\",\"potentialAction\":[{\"@type\":\"SearchAction\",\"target\":{\"@type\":\"EntryPoint\",\"urlTemplate\":\"https:\/\/www.alamoslisboa.org\/?s={search_term_string}\"},\"query-input\":{\"@type\":\"PropertyValueSpecification\",\"valueRequired\":true,\"valueName\":\"search_term_string\"}}],\"inLanguage\":\"en-US\"}]}<\/script>\n<!-- \/ Yoast SEO plugin. -->","yoast_head_json":{"title":"About us &#8211; Resid\u00eancia Universit\u00e1ria dos \u00c1lamos","robots":{"index":"index","follow":"follow","max-snippet":"max-snippet:-1","max-image-preview":"max-image-preview:large","max-video-preview":"max-video-preview:-1"},"canonical":"https:\/\/www.alamoslisboa.org\/en\/about-us\/","twitter_misc":{"Est. reading time":"1 minute"},"schema":{"@context":"https:\/\/schema.org","@graph":[{"@type":"WebPage","@id":"https:\/\/www.alamoslisboa.org\/en\/about-us\/","url":"https:\/\/www.alamoslisboa.org\/en\/about-us\/","name":"About us &#8211; Resid\u00eancia Universit\u00e1ria dos \u00c1lamos","isPartOf":{"@id":"https:\/\/www.alamoslisboa.org\/#website"},"primaryImageOfPage":{"@id":"https:\/\/www.alamoslisboa.org\/en\/about-us\/#primaryimage"},"image":{"@id":"https:\/\/www.alamoslisboa.org\/en\/about-us\/#primaryimage"},"thumbnailUrl":"https:\/\/www.alamoslisboa.org\/wp-content\/uploads\/2013\/11\/ASSOCIA\u00c7\u00c3O.png","datePublished":"2013-11-05T16:22:13+00:00","dateModified":"2019-01-30T17:40:54+00:00","breadcrumb":{"@id":"https:\/\/www.alamoslisboa.org\/en\/about-us\/#breadcrumb"},"inLanguage":"en-US","potentialAction":[{"@type":"ReadAction","target":["https:\/\/www.alamoslisboa.org\/en\/about-us\/"]}]},{"@type":"ImageObject","inLanguage":"en-US","@id":"https:\/\/www.alamoslisboa.org\/en\/about-us\/#primaryimage","url":"https:\/\/www.alamoslisboa.org\/wp-content\/uploads\/2013\/11\/ASSOCIA\u00c7\u00c3O.png","contentUrl":"https:\/\/www.alamoslisboa.org\/wp-content\/uploads\/2013\/11\/ASSOCIA\u00c7\u00c3O.png","width":784,"height":250},{"@type":"BreadcrumbList","@id":"https:\/\/www.alamoslisboa.org\/en\/about-us\/#breadcrumb","itemListElement":[{"@type":"ListItem","position":1,"name":"Home","item":"https:\/\/www.alamoslisboa.org\/en\/"},{"@type":"ListItem","position":2,"name":"About us"}]},{"@type":"WebSite","@id":"https:\/\/www.alamoslisboa.org\/#website","url":"https:\/\/www.alamoslisboa.org\/","name":"Resid\u00eancia Universit\u00e1ria dos \u00c1lamos","description":"","potentialAction":[{"@type":"SearchAction","target":{"@type":"EntryPoint","urlTemplate":"https:\/\/www.alamoslisboa.org\/?s={search_term_string}"},"query-input":{"@type":"PropertyValueSpecification","valueRequired":true,"valueName":"search_term_string"}}],"inLanguage":"en-US"}]}},"_links":{"self":[{"href":"https:\/\/www.alamoslisboa.org\/en\/wp-json\/wp\/v2\/pages\/372","targetHints":{"allow":["GET"]}}],"collection":[{"href":"https:\/\/www.alamoslisboa.org\/en\/wp-json\/wp\/v2\/pages"}],"about":[{"href":"https:\/\/www.alamoslisboa.org\/en\/wp-json\/wp\/v2\/types\/page"}],"author":[{"embeddable":true,"href":"https:\/\/www.alamoslisboa.org\/en\/wp-json\/wp\/v2\/users\/1"}],"replies":[{"embeddable":true,"href":"https:\/\/www.alamoslisboa.org\/en\/wp-json\/wp\/v2\/comments?post=372"}],"version-history":[{"count":0,"href":"https:\/\/www.alamoslisboa.org\/en\/wp-json\/wp\/v2\/pages\/372\/revisions"}],"wp:featuredmedia":[{"embeddable":true,"href":"https:\/\/www.alamoslisboa.org\/en\/wp-json\/wp\/v2\/media\/2299"}],"wp:attachment":[{"href":"https:\/\/www.alamoslisboa.org\/en\/wp-json\/wp\/v2\/media?parent=372"}],"curies":[{"name":"wp","href":"https:\/\/api.w.org\/{rel}","templated":true}]}}