{"id":1944,"date":"2013-11-05T16:53:15","date_gmt":"2013-11-05T16:53:15","guid":{"rendered":"http:\/\/www.alamoslisboa.org\/?page_id=1944"},"modified":"2022-05-11T12:24:32","modified_gmt":"2022-05-11T11:24:32","slug":"admissions","status":"publish","type":"page","link":"https:\/\/www.alamoslisboa.org\/en\/university-residence\/admissions\/","title":{"rendered":"Admissions"},"content":{"rendered":"<section class=\"kc-elm kc-css-795969 kc_row\"><div class=\"kc-row-container  kc-container\"><div class=\"kc-wrap-columns\"><div class=\"kc-elm kc-css-686833 kc_col-sm-9 kc_column kc_col-sm-9\"><div class=\"kc-col-container\"><div class=\"kc-elm kc-css-842795 kc_text_block\"><\/p>\n<p>\n\u00c1lamos\u2019 admission process is composed of 5 stages:<\/p>\n<h6>1. Application form<\/h6>\n<p>In this stage, you will have to use the link to fill the application form.<\/p>\n<p>An updated picture should also be attached.<\/p>\n<p>You can send it by\u00a0<a href=\"mailto:alamos@alamoslisboa.org\">e-mail<\/a>\u00a0if needed.<\/p>\n<h6>2. Family visit to the residence<\/h6>\n<p>Once the application form has been received, a visit to the residence is scheduled, so that you and your parents can get to know the residence and clarify any possible questions or doubts.<\/p>\n<h6>3. Personal Interview<\/h6>\n<p>On the same day of the visit, or if more convenient, on another date, an interview with a member of the board takes place.<\/p>\n<h6>4. Confirmation of interest<\/h6>\n<p>Now that you know the residence better, we asked you to confirm if you are still interested in applying. This confirmation should be made by e-mail, the day after the interview.<\/p>\n<h6>5. Assessment of the application<\/h6>\n<p>In the applications\u2019 selection process, some things will be taken into account:<\/p>\n<ul>\n<li>Your capability of integrating the residence,<\/li>\n<li>Acceptance of the regulations and<\/li>\n<li>Academic qualifications.<\/li>\n<\/ul>\n<p>Preference is given to people who apply in the first year of university.<\/p>\n<h6>Applications Schedule (2024\/2025)<\/h6>\n<table class=\"table table-striped\" summary=\"Applications Schedule\">\n<thead>\n<tr>\n<th>Phase<\/th>\n<th>Submission of applications<\/th>\n<th>Communication of the results<\/th>\n<\/tr>\n<\/thead>\n<tbody>\n<tr>\n<td valign=\"top\">First phase<\/td>\n<td valign=\"top\">Until the 10th of July<\/td>\n<td valign=\"top\">Until the 31st of July<\/td>\n<\/tr>\n<tr>\n<td valign=\"top\">Second phase<\/td>\n<td valign=\"top\">From the 2nd until the 30th of September<\/td>\n<td valign=\"top\">It varies<\/td>\n<\/tr>\n<tr>\n<td valign=\"top\"><\/td>\n<td valign=\"top\"><\/td>\n<td valign=\"top\"><\/td>\n<\/tr>\n<\/tbody>\n<\/table>\n<p>If your application has not been accepted in the first stage and you are still interested in maintaining the application, it may be moved to the second stage of applications.<\/p>\n<p>To all applications submitted after these dates, in the case that there are still available bedrooms, the result will be communicated in the maximum period of one week after the confirmation of interest.<\/p>\n<p>The confirmation of admission from the board may be done before the deadline.<\/p>\n<p>\n<\/div><\/div><\/div><div class=\"kc-elm kc-css-400905 kc_col-sm-3 kc_column kc_col-sm-3\"><div class=\"kc-col-container\"><div class=\"kc-elm kc-css-165940 kc_text_block\"><\/p>\n<h3>Click to apply for<\/h3>\n<\/p>\n<p>\n<\/div>\n<div class=\"kc-elm kc-css-634543\">\n\t<a class=\"kc_button\" href=\"https:\/\/docs.google.com\/forms\/d\/e\/1FAIpQLSeZbmHe9PvnvdtGRCpzRWQPJnz5UTKj8aXIiaC6bJTR0spr_A\/viewform?usp=sf_link\" target=\"_self\" title=\"\" onclick=\"\">\n\t\t<i class=\"fab-wpforms\"><\/i> Click here\t<\/a>\n<\/div>\n<\/div><\/div><\/div><\/div><\/section>\n","protected":false},"excerpt":{"rendered":"","protected":false},"author":2,"featured_media":609,"parent":74,"menu_order":0,"comment_status":"closed","ping_status":"closed","template":"","meta":{"_acf_changed":false,"footnotes":""},"class_list":["post-1944","page","type-page","status-publish","has-post-thumbnail","hentry"],"acf":[],"yoast_head":"<!-- This site is optimized with the Yoast SEO plugin v27.1.1 - https:\/\/yoast.com\/product\/yoast-seo-wordpress\/ -->\n<title>Admissions &#8211; Resid\u00eancia Universit\u00e1ria dos \u00c1lamos<\/title>\n<meta name=\"robots\" content=\"index, follow, max-snippet:-1, max-image-preview:large, max-video-preview:-1\" \/>\n<link rel=\"canonical\" href=\"https:\/\/www.alamoslisboa.org\/en\/university-residence\/admissions\/\" \/>\n<meta name=\"twitter:label1\" content=\"Est. reading time\" \/>\n\t<meta name=\"twitter:data1\" content=\"1 minute\" \/>\n<script type=\"application\/ld+json\" class=\"yoast-schema-graph\">{\"@context\":\"https:\/\/schema.org\",\"@graph\":[{\"@type\":\"WebPage\",\"@id\":\"https:\/\/www.alamoslisboa.org\/en\/university-residence\/admissions\/\",\"url\":\"https:\/\/www.alamoslisboa.org\/en\/university-residence\/admissions\/\",\"name\":\"Admissions &#8211; Resid\u00eancia Universit\u00e1ria dos \u00c1lamos\",\"isPartOf\":{\"@id\":\"https:\/\/www.alamoslisboa.org\/#website\"},\"primaryImageOfPage\":{\"@id\":\"https:\/\/www.alamoslisboa.org\/en\/university-residence\/admissions\/#primaryimage\"},\"image\":{\"@id\":\"https:\/\/www.alamoslisboa.org\/en\/university-residence\/admissions\/#primaryimage\"},\"thumbnailUrl\":\"https:\/\/www.alamoslisboa.org\/wp-content\/uploads\/2013\/11\/Candidaturas.jpg\",\"datePublished\":\"2013-11-05T16:53:15+00:00\",\"dateModified\":\"2022-05-11T11:24:32+00:00\",\"breadcrumb\":{\"@id\":\"https:\/\/www.alamoslisboa.org\/en\/university-residence\/admissions\/#breadcrumb\"},\"inLanguage\":\"en-US\",\"potentialAction\":[{\"@type\":\"ReadAction\",\"target\":[\"https:\/\/www.alamoslisboa.org\/en\/university-residence\/admissions\/\"]}]},{\"@type\":\"ImageObject\",\"inLanguage\":\"en-US\",\"@id\":\"https:\/\/www.alamoslisboa.org\/en\/university-residence\/admissions\/#primaryimage\",\"url\":\"https:\/\/www.alamoslisboa.org\/wp-content\/uploads\/2013\/11\/Candidaturas.jpg\",\"contentUrl\":\"https:\/\/www.alamoslisboa.org\/wp-content\/uploads\/2013\/11\/Candidaturas.jpg\",\"width\":3841,\"height\":982},{\"@type\":\"BreadcrumbList\",\"@id\":\"https:\/\/www.alamoslisboa.org\/en\/university-residence\/admissions\/#breadcrumb\",\"itemListElement\":[{\"@type\":\"ListItem\",\"position\":1,\"name\":\"Home\",\"item\":\"https:\/\/www.alamoslisboa.org\/en\/\"},{\"@type\":\"ListItem\",\"position\":2,\"name\":\"University Residence\",\"item\":\"https:\/\/www.alamoslisboa.org\/en\/university-residence\/\"},{\"@type\":\"ListItem\",\"position\":3,\"name\":\"Admissions\"}]},{\"@type\":\"WebSite\",\"@id\":\"https:\/\/www.alamoslisboa.org\/#website\",\"url\":\"https:\/\/www.alamoslisboa.org\/\",\"name\":\"Resid\u00eancia Universit\u00e1ria dos \u00c1lamos\",\"description\":\"\",\"potentialAction\":[{\"@type\":\"SearchAction\",\"target\":{\"@type\":\"EntryPoint\",\"urlTemplate\":\"https:\/\/www.alamoslisboa.org\/?s={search_term_string}\"},\"query-input\":{\"@type\":\"PropertyValueSpecification\",\"valueRequired\":true,\"valueName\":\"search_term_string\"}}],\"inLanguage\":\"en-US\"}]}<\/script>\n<!-- \/ Yoast SEO plugin. -->","yoast_head_json":{"title":"Admissions &#8211; Resid\u00eancia Universit\u00e1ria dos \u00c1lamos","robots":{"index":"index","follow":"follow","max-snippet":"max-snippet:-1","max-image-preview":"max-image-preview:large","max-video-preview":"max-video-preview:-1"},"canonical":"https:\/\/www.alamoslisboa.org\/en\/university-residence\/admissions\/","twitter_misc":{"Est. reading time":"1 minute"},"schema":{"@context":"https:\/\/schema.org","@graph":[{"@type":"WebPage","@id":"https:\/\/www.alamoslisboa.org\/en\/university-residence\/admissions\/","url":"https:\/\/www.alamoslisboa.org\/en\/university-residence\/admissions\/","name":"Admissions &#8211; Resid\u00eancia Universit\u00e1ria dos \u00c1lamos","isPartOf":{"@id":"https:\/\/www.alamoslisboa.org\/#website"},"primaryImageOfPage":{"@id":"https:\/\/www.alamoslisboa.org\/en\/university-residence\/admissions\/#primaryimage"},"image":{"@id":"https:\/\/www.alamoslisboa.org\/en\/university-residence\/admissions\/#primaryimage"},"thumbnailUrl":"https:\/\/www.alamoslisboa.org\/wp-content\/uploads\/2013\/11\/Candidaturas.jpg","datePublished":"2013-11-05T16:53:15+00:00","dateModified":"2022-05-11T11:24:32+00:00","breadcrumb":{"@id":"https:\/\/www.alamoslisboa.org\/en\/university-residence\/admissions\/#breadcrumb"},"inLanguage":"en-US","potentialAction":[{"@type":"ReadAction","target":["https:\/\/www.alamoslisboa.org\/en\/university-residence\/admissions\/"]}]},{"@type":"ImageObject","inLanguage":"en-US","@id":"https:\/\/www.alamoslisboa.org\/en\/university-residence\/admissions\/#primaryimage","url":"https:\/\/www.alamoslisboa.org\/wp-content\/uploads\/2013\/11\/Candidaturas.jpg","contentUrl":"https:\/\/www.alamoslisboa.org\/wp-content\/uploads\/2013\/11\/Candidaturas.jpg","width":3841,"height":982},{"@type":"BreadcrumbList","@id":"https:\/\/www.alamoslisboa.org\/en\/university-residence\/admissions\/#breadcrumb","itemListElement":[{"@type":"ListItem","position":1,"name":"Home","item":"https:\/\/www.alamoslisboa.org\/en\/"},{"@type":"ListItem","position":2,"name":"University Residence","item":"https:\/\/www.alamoslisboa.org\/en\/university-residence\/"},{"@type":"ListItem","position":3,"name":"Admissions"}]},{"@type":"WebSite","@id":"https:\/\/www.alamoslisboa.org\/#website","url":"https:\/\/www.alamoslisboa.org\/","name":"Resid\u00eancia Universit\u00e1ria dos \u00c1lamos","description":"","potentialAction":[{"@type":"SearchAction","target":{"@type":"EntryPoint","urlTemplate":"https:\/\/www.alamoslisboa.org\/?s={search_term_string}"},"query-input":{"@type":"PropertyValueSpecification","valueRequired":true,"valueName":"search_term_string"}}],"inLanguage":"en-US"}]}},"_links":{"self":[{"href":"https:\/\/www.alamoslisboa.org\/en\/wp-json\/wp\/v2\/pages\/1944","targetHints":{"allow":["GET"]}}],"collection":[{"href":"https:\/\/www.alamoslisboa.org\/en\/wp-json\/wp\/v2\/pages"}],"about":[{"href":"https:\/\/www.alamoslisboa.org\/en\/wp-json\/wp\/v2\/types\/page"}],"author":[{"embeddable":true,"href":"https:\/\/www.alamoslisboa.org\/en\/wp-json\/wp\/v2\/users\/2"}],"replies":[{"embeddable":true,"href":"https:\/\/www.alamoslisboa.org\/en\/wp-json\/wp\/v2\/comments?post=1944"}],"version-history":[{"count":0,"href":"https:\/\/www.alamoslisboa.org\/en\/wp-json\/wp\/v2\/pages\/1944\/revisions"}],"up":[{"embeddable":true,"href":"https:\/\/www.alamoslisboa.org\/en\/wp-json\/wp\/v2\/pages\/74"}],"wp:featuredmedia":[{"embeddable":true,"href":"https:\/\/www.alamoslisboa.org\/en\/wp-json\/wp\/v2\/media\/609"}],"wp:attachment":[{"href":"https:\/\/www.alamoslisboa.org\/en\/wp-json\/wp\/v2\/media?parent=1944"}],"curies":[{"name":"wp","href":"https:\/\/api.w.org\/{rel}","templated":true}]}}