{"id":1938,"date":"2013-11-05T16:39:14","date_gmt":"2013-11-05T16:39:14","guid":{"rendered":"http:\/\/www.alamoslisboa.org\/?page_id=1938"},"modified":"2021-09-28T09:50:26","modified_gmt":"2021-09-28T08:50:26","slug":"residence-characteristics","status":"publish","type":"page","link":"https:\/\/www.alamoslisboa.org\/en\/university-residence\/residence-characteristics\/","title":{"rendered":"Residence Characteristics"},"content":{"rendered":"<section class=\"kc-elm kc-css-125442 kc_row\"><div class=\"kc-row-container  kc-container\"><div class=\"kc-wrap-columns\"><div class=\"kc-elm kc-css-365069 kc_col-sm-9 kc_column kc_col-sm-9\"><div class=\"kc-col-container\"><div class=\"kc-elm kc-css-943216 kc_text_block\"><\/p>\n<h6>BEDROOMS<\/h6>\n<ul>\n<li>Total places: 32\n<ul>\n<li>32 individual bedrooms<\/li>\n<\/ul>\n<\/li>\n<\/ul>\n<h6>SERVICES<\/h6>\n<p>Full pension scheme:<\/p>\n<ul class=\"list-11\">\n<li>4 daily meals and the possibility of asking for a packed meal during the week.<\/li>\n<\/ul>\n<table class=\"table table-striped\" summary=\"Meals\">\n<thead>\n<tr>\n<th>Meals<\/th>\n<th>Week days<\/th>\n<th>Weekends and holidays<\/th>\n<\/tr>\n<\/thead>\n<tbody>\n<tr>\n<td valign=\"top\">Breakfast<\/td>\n<td valign=\"top\">Until 10.00 am<\/td>\n<td valign=\"top\">Until 10.45 am<\/td>\n<\/tr>\n<tr>\n<td valign=\"top\">Lunch<\/td>\n<td valign=\"top\">12.30 pm or 1.15 pm<\/td>\n<td valign=\"top\">1.30 pm<\/td>\n<\/tr>\n<tr>\n<td valign=\"top\">Snack<\/td>\n<td valign=\"top\">4.00 pm \u2013 7.00 pm<\/td>\n<td valign=\"top\">4.00 pm \u2013 7.00 pm<\/td>\n<\/tr>\n<tr>\n<td valign=\"top\">Dinner<\/td>\n<td valign=\"top\">8.30 pm<\/td>\n<td valign=\"top\">8.30 pm<\/td>\n<\/tr>\n<\/tbody>\n<\/table>\n<ul class=\"list-11\">\n<li>Laundry service: Treatment of bed and personal linen<\/li>\n<\/ul>\n<h6>Schedule<\/h6>\n<p>Sunday to Wednesday: Opened until 0.30 am<\/p>\n<p>Thursday to Saturday: Opened until 2.00 am (of the following day)<\/p>\n<h6>TUITION\/MONTHLY FEE 2024\/2025<\/h6>\n<p>Individual Bedrooms: 750\u20ac<\/p>\n<p>Besides the monthly fee, we ask for an annual reserve of 470\u20ac.<\/p>\n<p>(see the\u00a0<a href=\"https:\/\/www.alamoslisboa.org\/wp-content\/uploads\/2024\/03\/EN_Condi\u00e7\u00f5es-de-pagamento-20242025.pdf\">Payment terms<\/a>)<\/p>\n<p>\n<\/div><\/div><\/div><div class=\"kc-elm kc-css-363839 kc_col-sm-3 kc_column kc_col-sm-3\"><div class=\"kc-col-container\"><div class=\"kc-elm kc-css-963839 widget-area kc-wp-sidebar\"><div id=\"custom_html-6\" class=\"widget_text side-bar widget sidebar_widget widget_custom_html\"><div class=\"sec-title\"><h3 class=\"skew-lines\">Next Activities<\/h3><\/div><div class=\"textwidget custom-html-widget\"><div class=\"embed-responsive embed-responsive-vertical\">\r\n<iframe loading=\"lazy\" class=\"embed-responsive-item\" style=\"border-width: 0px;\" src=\"https:\/\/calendar.google.com\/calendar\/embed?showTitle=0&amp;showNav=0&amp;showPrint=0&amp;showTabs=0&amp;showCalendars=0&amp;mode=AGENDA&amp;height=400&amp;wkst=2&amp;bgcolor=%23ff6666&amp;src=i.alamoslisboa%40gmail.com&amp;color=%23B1365F&amp;ctz=Europe%2FLisbon\" width=\"200\" height=\"400\" scrolling=\"no\"><\/iframe>\r\n<\/div><\/div><\/div><\/div><div class=\"kc-elm kc-css-428535 kc_text_block\"><\/p>\n<h3>Board<\/h3>\n<p>Isabel Castro Pina<br \/><i>Historian<\/i><\/p>\n<p>Ana Filipa Ros\u00e1rio<br \/><i>Physiotherapist<\/i><\/p>\n<\/p>\n<p>\n<\/div><\/div><\/div><\/div><\/div><\/section>\n","protected":false},"excerpt":{"rendered":"","protected":false},"author":2,"featured_media":1530,"parent":74,"menu_order":0,"comment_status":"closed","ping_status":"closed","template":"","meta":{"_acf_changed":false,"footnotes":""},"class_list":["post-1938","page","type-page","status-publish","has-post-thumbnail","hentry"],"acf":[],"yoast_head":"<!-- This site is optimized with the Yoast SEO plugin v27.1.1 - https:\/\/yoast.com\/product\/yoast-seo-wordpress\/ -->\n<title>Residence Characteristics &#8211; Resid\u00eancia Universit\u00e1ria dos \u00c1lamos<\/title>\n<meta name=\"robots\" content=\"index, follow, max-snippet:-1, max-image-preview:large, max-video-preview:-1\" \/>\n<link rel=\"canonical\" href=\"https:\/\/www.alamoslisboa.org\/en\/university-residence\/residence-characteristics\/\" \/>\n<meta name=\"twitter:label1\" content=\"Est. reading time\" \/>\n\t<meta name=\"twitter:data1\" content=\"1 minute\" \/>\n<script type=\"application\/ld+json\" class=\"yoast-schema-graph\">{\"@context\":\"https:\/\/schema.org\",\"@graph\":[{\"@type\":\"WebPage\",\"@id\":\"https:\/\/www.alamoslisboa.org\/en\/university-residence\/residence-characteristics\/\",\"url\":\"https:\/\/www.alamoslisboa.org\/en\/university-residence\/residence-characteristics\/\",\"name\":\"Residence Characteristics &#8211; Resid\u00eancia Universit\u00e1ria dos \u00c1lamos\",\"isPartOf\":{\"@id\":\"https:\/\/www.alamoslisboa.org\/#website\"},\"primaryImageOfPage\":{\"@id\":\"https:\/\/www.alamoslisboa.org\/en\/university-residence\/residence-characteristics\/#primaryimage\"},\"image\":{\"@id\":\"https:\/\/www.alamoslisboa.org\/en\/university-residence\/residence-characteristics\/#primaryimage\"},\"thumbnailUrl\":\"https:\/\/www.alamoslisboa.org\/wp-content\/uploads\/2013\/11\/DSCF0886-e1506278093270.jpg\",\"datePublished\":\"2013-11-05T16:39:14+00:00\",\"dateModified\":\"2021-09-28T08:50:26+00:00\",\"breadcrumb\":{\"@id\":\"https:\/\/www.alamoslisboa.org\/en\/university-residence\/residence-characteristics\/#breadcrumb\"},\"inLanguage\":\"en-US\",\"potentialAction\":[{\"@type\":\"ReadAction\",\"target\":[\"https:\/\/www.alamoslisboa.org\/en\/university-residence\/residence-characteristics\/\"]}]},{\"@type\":\"ImageObject\",\"inLanguage\":\"en-US\",\"@id\":\"https:\/\/www.alamoslisboa.org\/en\/university-residence\/residence-characteristics\/#primaryimage\",\"url\":\"https:\/\/www.alamoslisboa.org\/wp-content\/uploads\/2013\/11\/DSCF0886-e1506278093270.jpg\",\"contentUrl\":\"https:\/\/www.alamoslisboa.org\/wp-content\/uploads\/2013\/11\/DSCF0886-e1506278093270.jpg\",\"width\":2773,\"height\":1112},{\"@type\":\"BreadcrumbList\",\"@id\":\"https:\/\/www.alamoslisboa.org\/en\/university-residence\/residence-characteristics\/#breadcrumb\",\"itemListElement\":[{\"@type\":\"ListItem\",\"position\":1,\"name\":\"Home\",\"item\":\"https:\/\/www.alamoslisboa.org\/en\/\"},{\"@type\":\"ListItem\",\"position\":2,\"name\":\"University Residence\",\"item\":\"https:\/\/www.alamoslisboa.org\/en\/university-residence\/\"},{\"@type\":\"ListItem\",\"position\":3,\"name\":\"Residence Characteristics\"}]},{\"@type\":\"WebSite\",\"@id\":\"https:\/\/www.alamoslisboa.org\/#website\",\"url\":\"https:\/\/www.alamoslisboa.org\/\",\"name\":\"Resid\u00eancia Universit\u00e1ria dos \u00c1lamos\",\"description\":\"\",\"potentialAction\":[{\"@type\":\"SearchAction\",\"target\":{\"@type\":\"EntryPoint\",\"urlTemplate\":\"https:\/\/www.alamoslisboa.org\/?s={search_term_string}\"},\"query-input\":{\"@type\":\"PropertyValueSpecification\",\"valueRequired\":true,\"valueName\":\"search_term_string\"}}],\"inLanguage\":\"en-US\"}]}<\/script>\n<!-- \/ Yoast SEO plugin. -->","yoast_head_json":{"title":"Residence Characteristics &#8211; Resid\u00eancia Universit\u00e1ria dos \u00c1lamos","robots":{"index":"index","follow":"follow","max-snippet":"max-snippet:-1","max-image-preview":"max-image-preview:large","max-video-preview":"max-video-preview:-1"},"canonical":"https:\/\/www.alamoslisboa.org\/en\/university-residence\/residence-characteristics\/","twitter_misc":{"Est. reading time":"1 minute"},"schema":{"@context":"https:\/\/schema.org","@graph":[{"@type":"WebPage","@id":"https:\/\/www.alamoslisboa.org\/en\/university-residence\/residence-characteristics\/","url":"https:\/\/www.alamoslisboa.org\/en\/university-residence\/residence-characteristics\/","name":"Residence Characteristics &#8211; Resid\u00eancia Universit\u00e1ria dos \u00c1lamos","isPartOf":{"@id":"https:\/\/www.alamoslisboa.org\/#website"},"primaryImageOfPage":{"@id":"https:\/\/www.alamoslisboa.org\/en\/university-residence\/residence-characteristics\/#primaryimage"},"image":{"@id":"https:\/\/www.alamoslisboa.org\/en\/university-residence\/residence-characteristics\/#primaryimage"},"thumbnailUrl":"https:\/\/www.alamoslisboa.org\/wp-content\/uploads\/2013\/11\/DSCF0886-e1506278093270.jpg","datePublished":"2013-11-05T16:39:14+00:00","dateModified":"2021-09-28T08:50:26+00:00","breadcrumb":{"@id":"https:\/\/www.alamoslisboa.org\/en\/university-residence\/residence-characteristics\/#breadcrumb"},"inLanguage":"en-US","potentialAction":[{"@type":"ReadAction","target":["https:\/\/www.alamoslisboa.org\/en\/university-residence\/residence-characteristics\/"]}]},{"@type":"ImageObject","inLanguage":"en-US","@id":"https:\/\/www.alamoslisboa.org\/en\/university-residence\/residence-characteristics\/#primaryimage","url":"https:\/\/www.alamoslisboa.org\/wp-content\/uploads\/2013\/11\/DSCF0886-e1506278093270.jpg","contentUrl":"https:\/\/www.alamoslisboa.org\/wp-content\/uploads\/2013\/11\/DSCF0886-e1506278093270.jpg","width":2773,"height":1112},{"@type":"BreadcrumbList","@id":"https:\/\/www.alamoslisboa.org\/en\/university-residence\/residence-characteristics\/#breadcrumb","itemListElement":[{"@type":"ListItem","position":1,"name":"Home","item":"https:\/\/www.alamoslisboa.org\/en\/"},{"@type":"ListItem","position":2,"name":"University Residence","item":"https:\/\/www.alamoslisboa.org\/en\/university-residence\/"},{"@type":"ListItem","position":3,"name":"Residence Characteristics"}]},{"@type":"WebSite","@id":"https:\/\/www.alamoslisboa.org\/#website","url":"https:\/\/www.alamoslisboa.org\/","name":"Resid\u00eancia Universit\u00e1ria dos \u00c1lamos","description":"","potentialAction":[{"@type":"SearchAction","target":{"@type":"EntryPoint","urlTemplate":"https:\/\/www.alamoslisboa.org\/?s={search_term_string}"},"query-input":{"@type":"PropertyValueSpecification","valueRequired":true,"valueName":"search_term_string"}}],"inLanguage":"en-US"}]}},"_links":{"self":[{"href":"https:\/\/www.alamoslisboa.org\/en\/wp-json\/wp\/v2\/pages\/1938","targetHints":{"allow":["GET"]}}],"collection":[{"href":"https:\/\/www.alamoslisboa.org\/en\/wp-json\/wp\/v2\/pages"}],"about":[{"href":"https:\/\/www.alamoslisboa.org\/en\/wp-json\/wp\/v2\/types\/page"}],"author":[{"embeddable":true,"href":"https:\/\/www.alamoslisboa.org\/en\/wp-json\/wp\/v2\/users\/2"}],"replies":[{"embeddable":true,"href":"https:\/\/www.alamoslisboa.org\/en\/wp-json\/wp\/v2\/comments?post=1938"}],"version-history":[{"count":0,"href":"https:\/\/www.alamoslisboa.org\/en\/wp-json\/wp\/v2\/pages\/1938\/revisions"}],"up":[{"embeddable":true,"href":"https:\/\/www.alamoslisboa.org\/en\/wp-json\/wp\/v2\/pages\/74"}],"wp:featuredmedia":[{"embeddable":true,"href":"https:\/\/www.alamoslisboa.org\/en\/wp-json\/wp\/v2\/media\/1530"}],"wp:attachment":[{"href":"https:\/\/www.alamoslisboa.org\/en\/wp-json\/wp\/v2\/media?parent=1938"}],"curies":[{"name":"wp","href":"https:\/\/api.w.org\/{rel}","templated":true}]}}