{"id":1891,"date":"2013-11-07T15:17:16","date_gmt":"2013-11-07T15:17:16","guid":{"rendered":"http:\/\/www.alamoslisboa.org\/?page_id=1891"},"modified":"2019-01-30T20:04:54","modified_gmt":"2019-01-30T20:04:54","slug":"sports-and-arts","status":"publish","type":"page","link":"https:\/\/www.alamoslisboa.org\/en\/activities\/sports-and-arts\/","title":{"rendered":"Sports and arts"},"content":{"rendered":"<section class=\"kc-elm kc-css-826489 kc_row\"><div class=\"kc-row-container  kc-container\"><div class=\"kc-wrap-columns\"><div class=\"kc-elm kc-css-545301 kc_col-sm-9 kc_column kc_col-sm-9\"><div class=\"kc-col-container\"><div class=\"kc-elm kc-css-969262 kc_text_block\"><\/p>\n<h6>Sports<\/h6>\n<p><img loading=\"lazy\" decoding=\"async\" src=\"https:\/\/www.alamoslisboa.org\/wp-content\/uploads\/2013\/11\/IMG-20171108-WA0010-715x1024.jpg\" alt=\"IMG-20171108-WA0010\" width=\"600\" height=\"859\" \/><\/p>\n<p>\u00c1lamos facilities are equipped with a gymnasium and a sports field were almost every week the university students organize basketball and volleyball games, body combat classes, etc.<\/p>\n<h6>Theatre, Music and Dance<\/h6>\n<p>We have a variety of artistic activities for all tastes! Guitar lessons, painting, and a musical! Relaxed environment and enriching learning! Study breaks that are really worth it!<\/p>\n<ul>\n<li>Painting lessons<\/li>\n<li>Guitar lessons<\/li>\n<li>Banda<\/li>\n<\/ul>\n<p>The development of a choir rose naturally from the diverse musical interests of several university students.<\/p>\n<p>Over time other artistic activities have developed and for several years \u00c1lamos has been staging musical theatres, inspired in current issues regarding the international university congress\u00a0<a href=\"http:\/\/www.univcongress.info\/en\/\">UNIV<\/a>, complete with dance and acting.<\/p>\n<p>The weekly rehearsals are the perfect timing to let your imagination and creativity run free and to interact with fellow residents, find new friendships and to explore the team spirit lived in all of the residence.<\/p>\n<p>Throughout the years we have already prepared and presented several plays:<\/p>\n<ul>\n<li>Momo (2017) &#8211; see the play\u2019s\u00a0<a href=\"https:\/\/youtu.be\/ZTWFyfw6qzc\">video\u00a0<\/a>musical\n<p><a href=\"https:\/\/youtu.be\/ZTWFyfw6qzc\"><img loading=\"lazy\" decoding=\"async\" src=\"https:\/\/www.alamoslisboa.org\/wp-content\/uploads\/2017\/02\/Tamanho-siteMUSICAL.jpg\" alt=\"Tamanho siteMUSICAL\" width=\"1469\" height=\"671\" \/><\/a><\/li>\n<li>Fiddler on the Roof (2016) &#8211; see the play\u2019s\u00a0<a href=\"https:\/\/www.youtube.com\/watch?v=bob3NfOHDDQ\">video<\/a>\u00a0do musical\n<p><a href=\"https:\/\/www.youtube.com\/watch?v=bob3NfOHDDQ\"><img loading=\"lazy\" decoding=\"async\" src=\"https:\/\/www.alamoslisboa.org\/wp-content\/uploads\/2016\/02\/ALAMOS_Musical2016_web.png\" alt=\"\" width=\"842\" height=\"383\" \/><\/a><\/li>\n<li>The Story of a Seagull and the Cat Who Taught Her to Fly (2015) &#8211; see the play\u2019s\u00a0<a href=\"https:\/\/www.youtube.com\/watch?v=iUNae84D5YI&amp;feature=youtu.be\">video\u00a0<\/a>do musical\n<p><a href=\"https:\/\/www.youtube.com\/watch?v=iUNae84D5YI&amp;feature=youtu.be\"><img loading=\"lazy\" decoding=\"async\" src=\"https:\/\/www.alamoslisboa.org\/wp-content\/uploads\/2015\/05\/cartaz-musical1-1024x665.jpg\" alt=\"cartaz musical\" width=\"600\" height=\"390\" \/><\/a><\/li>\n<li>The Wizard of Oz (2014)<\/li>\n<li>The Sound of Music (2013)<\/li>\n<\/ul>\n<p>\n<\/div><\/div><\/div><div class=\"kc-elm kc-css-356441 kc_col-sm-3 kc_column kc_col-sm-3\"><div class=\"kc-col-container\"><div class=\"kc-elm kc-css-440679 widget-area kc-wp-sidebar\"><div id=\"custom_html-5\" class=\"widget_text side-bar widget sidebar_widget widget_custom_html\"><div class=\"sec-title\"><h3 class=\"skew-lines\">Contacts<\/h3><\/div><div class=\"textwidget custom-html-widget\"><p>\r\nAlameda da Universidade, 10<br\/>\r\n1600-214 Lisbon<br\/>\r\nPORTUGAL\r\n<\/p>\r\n<p>\r\n<strong>Tel:<\/strong><br\/>\r\n(+351) 966 443 592 (call to PT mobile network\r\n<\/p>\r\n<p>\r\n<strong>Email:<\/strong><br\/>\r\nalamos@alamoslisboa.org\r\n<\/p><\/div><\/div><\/div><\/div><\/div><\/div><\/div><\/section>\n","protected":false},"excerpt":{"rendered":"","protected":false},"author":2,"featured_media":287,"parent":376,"menu_order":5,"comment_status":"closed","ping_status":"closed","template":"","meta":{"_acf_changed":false,"footnotes":""},"class_list":["post-1891","page","type-page","status-publish","has-post-thumbnail","hentry"],"acf":[],"yoast_head":"<!-- This site is optimized with the Yoast SEO plugin v27.1.1 - https:\/\/yoast.com\/product\/yoast-seo-wordpress\/ -->\n<title>Sports and arts &#8211; Resid\u00eancia Universit\u00e1ria dos \u00c1lamos<\/title>\n<meta name=\"robots\" content=\"index, follow, max-snippet:-1, max-image-preview:large, max-video-preview:-1\" \/>\n<link rel=\"canonical\" href=\"https:\/\/www.alamoslisboa.org\/en\/activities\/sports-and-arts\/\" \/>\n<meta name=\"twitter:label1\" content=\"Est. reading time\" \/>\n\t<meta name=\"twitter:data1\" content=\"1 minute\" \/>\n<script type=\"application\/ld+json\" class=\"yoast-schema-graph\">{\"@context\":\"https:\/\/schema.org\",\"@graph\":[{\"@type\":\"WebPage\",\"@id\":\"https:\/\/www.alamoslisboa.org\/en\/activities\/sports-and-arts\/\",\"url\":\"https:\/\/www.alamoslisboa.org\/en\/activities\/sports-and-arts\/\",\"name\":\"Sports and arts &#8211; Resid\u00eancia Universit\u00e1ria dos \u00c1lamos\",\"isPartOf\":{\"@id\":\"https:\/\/www.alamoslisboa.org\/#website\"},\"primaryImageOfPage\":{\"@id\":\"https:\/\/www.alamoslisboa.org\/en\/activities\/sports-and-arts\/#primaryimage\"},\"image\":{\"@id\":\"https:\/\/www.alamoslisboa.org\/en\/activities\/sports-and-arts\/#primaryimage\"},\"thumbnailUrl\":\"https:\/\/www.alamoslisboa.org\/wp-content\/uploads\/2013\/11\/CORO.png\",\"datePublished\":\"2013-11-07T15:17:16+00:00\",\"dateModified\":\"2019-01-30T20:04:54+00:00\",\"breadcrumb\":{\"@id\":\"https:\/\/www.alamoslisboa.org\/en\/activities\/sports-and-arts\/#breadcrumb\"},\"inLanguage\":\"en-US\",\"potentialAction\":[{\"@type\":\"ReadAction\",\"target\":[\"https:\/\/www.alamoslisboa.org\/en\/activities\/sports-and-arts\/\"]}]},{\"@type\":\"ImageObject\",\"inLanguage\":\"en-US\",\"@id\":\"https:\/\/www.alamoslisboa.org\/en\/activities\/sports-and-arts\/#primaryimage\",\"url\":\"https:\/\/www.alamoslisboa.org\/wp-content\/uploads\/2013\/11\/CORO.png\",\"contentUrl\":\"https:\/\/www.alamoslisboa.org\/wp-content\/uploads\/2013\/11\/CORO.png\",\"width\":785,\"height\":250},{\"@type\":\"BreadcrumbList\",\"@id\":\"https:\/\/www.alamoslisboa.org\/en\/activities\/sports-and-arts\/#breadcrumb\",\"itemListElement\":[{\"@type\":\"ListItem\",\"position\":1,\"name\":\"Home\",\"item\":\"https:\/\/www.alamoslisboa.org\/en\/\"},{\"@type\":\"ListItem\",\"position\":2,\"name\":\"Activities\",\"item\":\"https:\/\/www.alamoslisboa.org\/en\/activities\/\"},{\"@type\":\"ListItem\",\"position\":3,\"name\":\"Sports and arts\"}]},{\"@type\":\"WebSite\",\"@id\":\"https:\/\/www.alamoslisboa.org\/#website\",\"url\":\"https:\/\/www.alamoslisboa.org\/\",\"name\":\"Resid\u00eancia Universit\u00e1ria dos \u00c1lamos\",\"description\":\"\",\"potentialAction\":[{\"@type\":\"SearchAction\",\"target\":{\"@type\":\"EntryPoint\",\"urlTemplate\":\"https:\/\/www.alamoslisboa.org\/?s={search_term_string}\"},\"query-input\":{\"@type\":\"PropertyValueSpecification\",\"valueRequired\":true,\"valueName\":\"search_term_string\"}}],\"inLanguage\":\"en-US\"}]}<\/script>\n<!-- \/ Yoast SEO plugin. -->","yoast_head_json":{"title":"Sports and arts &#8211; Resid\u00eancia Universit\u00e1ria dos \u00c1lamos","robots":{"index":"index","follow":"follow","max-snippet":"max-snippet:-1","max-image-preview":"max-image-preview:large","max-video-preview":"max-video-preview:-1"},"canonical":"https:\/\/www.alamoslisboa.org\/en\/activities\/sports-and-arts\/","twitter_misc":{"Est. reading time":"1 minute"},"schema":{"@context":"https:\/\/schema.org","@graph":[{"@type":"WebPage","@id":"https:\/\/www.alamoslisboa.org\/en\/activities\/sports-and-arts\/","url":"https:\/\/www.alamoslisboa.org\/en\/activities\/sports-and-arts\/","name":"Sports and arts &#8211; Resid\u00eancia Universit\u00e1ria dos \u00c1lamos","isPartOf":{"@id":"https:\/\/www.alamoslisboa.org\/#website"},"primaryImageOfPage":{"@id":"https:\/\/www.alamoslisboa.org\/en\/activities\/sports-and-arts\/#primaryimage"},"image":{"@id":"https:\/\/www.alamoslisboa.org\/en\/activities\/sports-and-arts\/#primaryimage"},"thumbnailUrl":"https:\/\/www.alamoslisboa.org\/wp-content\/uploads\/2013\/11\/CORO.png","datePublished":"2013-11-07T15:17:16+00:00","dateModified":"2019-01-30T20:04:54+00:00","breadcrumb":{"@id":"https:\/\/www.alamoslisboa.org\/en\/activities\/sports-and-arts\/#breadcrumb"},"inLanguage":"en-US","potentialAction":[{"@type":"ReadAction","target":["https:\/\/www.alamoslisboa.org\/en\/activities\/sports-and-arts\/"]}]},{"@type":"ImageObject","inLanguage":"en-US","@id":"https:\/\/www.alamoslisboa.org\/en\/activities\/sports-and-arts\/#primaryimage","url":"https:\/\/www.alamoslisboa.org\/wp-content\/uploads\/2013\/11\/CORO.png","contentUrl":"https:\/\/www.alamoslisboa.org\/wp-content\/uploads\/2013\/11\/CORO.png","width":785,"height":250},{"@type":"BreadcrumbList","@id":"https:\/\/www.alamoslisboa.org\/en\/activities\/sports-and-arts\/#breadcrumb","itemListElement":[{"@type":"ListItem","position":1,"name":"Home","item":"https:\/\/www.alamoslisboa.org\/en\/"},{"@type":"ListItem","position":2,"name":"Activities","item":"https:\/\/www.alamoslisboa.org\/en\/activities\/"},{"@type":"ListItem","position":3,"name":"Sports and arts"}]},{"@type":"WebSite","@id":"https:\/\/www.alamoslisboa.org\/#website","url":"https:\/\/www.alamoslisboa.org\/","name":"Resid\u00eancia Universit\u00e1ria dos \u00c1lamos","description":"","potentialAction":[{"@type":"SearchAction","target":{"@type":"EntryPoint","urlTemplate":"https:\/\/www.alamoslisboa.org\/?s={search_term_string}"},"query-input":{"@type":"PropertyValueSpecification","valueRequired":true,"valueName":"search_term_string"}}],"inLanguage":"en-US"}]}},"_links":{"self":[{"href":"https:\/\/www.alamoslisboa.org\/en\/wp-json\/wp\/v2\/pages\/1891","targetHints":{"allow":["GET"]}}],"collection":[{"href":"https:\/\/www.alamoslisboa.org\/en\/wp-json\/wp\/v2\/pages"}],"about":[{"href":"https:\/\/www.alamoslisboa.org\/en\/wp-json\/wp\/v2\/types\/page"}],"author":[{"embeddable":true,"href":"https:\/\/www.alamoslisboa.org\/en\/wp-json\/wp\/v2\/users\/2"}],"replies":[{"embeddable":true,"href":"https:\/\/www.alamoslisboa.org\/en\/wp-json\/wp\/v2\/comments?post=1891"}],"version-history":[{"count":0,"href":"https:\/\/www.alamoslisboa.org\/en\/wp-json\/wp\/v2\/pages\/1891\/revisions"}],"up":[{"embeddable":true,"href":"https:\/\/www.alamoslisboa.org\/en\/wp-json\/wp\/v2\/pages\/376"}],"wp:featuredmedia":[{"embeddable":true,"href":"https:\/\/www.alamoslisboa.org\/en\/wp-json\/wp\/v2\/media\/287"}],"wp:attachment":[{"href":"https:\/\/www.alamoslisboa.org\/en\/wp-json\/wp\/v2\/media?parent=1891"}],"curies":[{"name":"wp","href":"https:\/\/api.w.org\/{rel}","templated":true}]}}